{"id":43,"date":"2015-01-01T15:07:13","date_gmt":"2015-01-01T15:07:13","guid":{"rendered":"http:\/\/www.honlapkeszitescegled.hu\/hnlpkszts17\/?page_id=43"},"modified":"2016-03-12T22:23:36","modified_gmt":"2016-03-12T22:23:36","slug":"kezdooldal","status":"publish","type":"page","link":"https:\/\/honlapkeszitescegled.hu\/hnlpkszts17\/","title":{"rendered":"Honlapk\u00e9sz\u00edt\u00e9s Cegl\u00e9d \u00e9s k\u00f6rny\u00e9k\u00e9n"},"content":{"rendered":"<h1 class=\"maintitle\"><span>Honlap \u00e9s web\u00e1ruh\u00e1z referenci\u00e1ink Cegl\u00e9d \u00e9s k\u00f6rny\u00e9k\u00e9n<\/span><\/h1>\n","protected":false},"excerpt":{"rendered":"<p>Honlap \u00e9s web\u00e1ruh\u00e1z referenci\u00e1ink Cegl\u00e9d \u00e9s k\u00f6rny\u00e9k\u00e9n<\/p>\n","protected":false},"author":1,"featured_media":0,"parent":0,"menu_order":0,"comment_status":"closed","ping_status":"closed","template":"template-filterable-gallery.php","meta":[],"_links":{"self":[{"href":"https:\/\/honlapkeszitescegled.hu\/hnlpkszts17\/index.php?rest_route=\/wp\/v2\/pages\/43"}],"collection":[{"href":"https:\/\/honlapkeszitescegled.hu\/hnlpkszts17\/index.php?rest_route=\/wp\/v2\/pages"}],"about":[{"href":"https:\/\/honlapkeszitescegled.hu\/hnlpkszts17\/index.php?rest_route=\/wp\/v2\/types\/page"}],"author":[{"embeddable":true,"href":"https:\/\/honlapkeszitescegled.hu\/hnlpkszts17\/index.php?rest_route=\/wp\/v2\/users\/1"}],"replies":[{"embeddable":true,"href":"https:\/\/honlapkeszitescegled.hu\/hnlpkszts17\/index.php?rest_route=%2Fwp%2Fv2%2Fcomments&post=43"}],"version-history":[{"count":22,"href":"https:\/\/honlapkeszitescegled.hu\/hnlpkszts17\/index.php?rest_route=\/wp\/v2\/pages\/43\/revisions"}],"predecessor-version":[{"id":317,"href":"https:\/\/honlapkeszitescegled.hu\/hnlpkszts17\/index.php?rest_route=\/wp\/v2\/pages\/43\/revisions\/317"}],"wp:attachment":[{"href":"https:\/\/honlapkeszitescegled.hu\/hnlpkszts17\/index.php?rest_route=%2Fwp%2Fv2%2Fmedia&parent=43"}],"curies":[{"name":"wp","href":"https:\/\/api.w.org\/{rel}","templated":true}]}}